{"id":10933,"date":"2026-02-27T16:47:24","date_gmt":"2026-02-27T15:47:24","guid":{"rendered":"https:\/\/arbeitnehmer-forum.de\/wissen\/?page_id=10933"},"modified":"2026-03-17T15:50:54","modified_gmt":"2026-03-17T14:50:54","slug":"glossar","status":"publish","type":"page","link":"https:\/\/arbeitnehmer-forum.de\/wissen\/","title":{"rendered":"Glossar"},"content":{"rendered":"<div class='breakdance'><section class=\"bde-section-10933-123 bde-section\">\n  \n  \n\t\n\n\n\n<div class=\"section-container\"><div class=\"bde-text-10933-124 bde-text left-boarder\">\nGlossar\n<\/div><h1 class=\"bde-heading-10933-125 bde-heading\">\nMitbestimmungslexikon\n<\/h1><div class=\"bde-text-10933-126 bde-text\">\nAlle Begriffe rund um die Arbeitswelt einfach erkl\u00e4rt.\n<\/div><div class=\"bde-search-form-10933-127 bde-search-form footer-ai-search banner-search-filed\">\n\n\n\n\n\n\n   \n\n\n<form id=\"search-form-127\" role=\"search\" method=\"get\" data-type=\"classic\" aria-hidden=\"false\" class=\"js-search-form search-form search-form--classic\" action=\"https:\/\/arbeitnehmer-forum.de\/wissen\">\n  <div class=\"search-form__container\">\n      <button type=\"submit\" aria-label=\"search\" class=\"search-form__button\">\n      \t\t  <svg xmlns=\"http:\/\/www.w3.org\/2000\/svg\" width=\"16\" height=\"16\" viewBox=\"0 0 16 16\" fill=\"none\">\r\n<path d=\"M13.25 7C13.25 10.4517 10.4517 13.25 7 13.25C3.54822 13.25 0.75 10.4517 0.75 7C0.75 3.54822 3.54822 0.75 7 0.75C10.4517 0.75 13.25 3.54822 13.25 7Z\" stroke=\"#FFE481\" stroke-width=\"1.5\" stroke-linecap=\"round\" stroke-linejoin=\"round\"\/>\r\n<path d=\"M14.9191 14.9191L11.4219 11.4219\" stroke=\"#FFE481\" stroke-width=\"1.5\" stroke-linecap=\"round\" stroke-linejoin=\"round\"\/>\r\n<\/svg>\n          <\/button>\n   \n   \n\n  \t\n  \t<label class=\"screen-reader-text\" for=\"search-form-field-127\">Search for:<\/label>\n   \n        <input id=\"search-form-field-127\" type=\"text\" class=\"js-search-form-field search-form__field\" placeholder=\"z.B. Betriebsratsvorsitz Aufgaben\" value=\"\" name=\"s\" \/>\n  \t \n\n     \n   \n     \n\n      \n  <\/div>\n<\/form>\n\n\n<\/div><\/div>\n<\/section><section class=\"bde-section-10933-194 bde-section\">\n  \n  \n\t\n\n\n\n<div class=\"section-container\"><div class=\"bde-shortcode-10933-195 bde-shortcode\">    <div class=\"lexikon-listing\">\n        <div class=\"lexikon-alphabet-nav\">\n            \t\t\t\t\t\t\t\t\t<a\n\t\t\t\t\t\tclass=\"lexikon-letter-link is-active\"\n\t\t\t\t\t\thref=\"https:\/\/arbeitnehmer-forum.de\/wissen\/?letter=A&#038;lex_page=1\"\n\t\t\t\t\t\tdata-letter=\"A\"\n\t\t\t\t\t>A<\/a>\n\t\t\t\t\t\t\t\t\t\t\t\t\t\t\t\t<a\n\t\t\t\t\t\tclass=\"lexikon-letter-link\"\n\t\t\t\t\t\thref=\"https:\/\/arbeitnehmer-forum.de\/wissen\/?letter=B&#038;lex_page=1\"\n\t\t\t\t\t\tdata-letter=\"B\"\n\t\t\t\t\t>B<\/a>\n\t\t\t\t\t\t\t\t\t\t\t\t\t\t\t\t<a\n\t\t\t\t\t\tclass=\"lexikon-letter-link\"\n\t\t\t\t\t\thref=\"https:\/\/arbeitnehmer-forum.de\/wissen\/?letter=C&#038;lex_page=1\"\n\t\t\t\t\t\tdata-letter=\"C\"\n\t\t\t\t\t>C<\/a>\n\t\t\t\t\t\t\t\t\t\t\t\t\t\t\t\t<a\n\t\t\t\t\t\tclass=\"lexikon-letter-link\"\n\t\t\t\t\t\thref=\"https:\/\/arbeitnehmer-forum.de\/wissen\/?letter=D&#038;lex_page=1\"\n\t\t\t\t\t\tdata-letter=\"D\"\n\t\t\t\t\t>D<\/a>\n\t\t\t\t\t\t\t\t\t\t\t\t\t\t\t\t<a\n\t\t\t\t\t\tclass=\"lexikon-letter-link\"\n\t\t\t\t\t\thref=\"https:\/\/arbeitnehmer-forum.de\/wissen\/?letter=E&#038;lex_page=1\"\n\t\t\t\t\t\tdata-letter=\"E\"\n\t\t\t\t\t>E<\/a>\n\t\t\t\t\t\t\t\t\t\t\t\t\t\t\t\t<a\n\t\t\t\t\t\tclass=\"lexikon-letter-link\"\n\t\t\t\t\t\thref=\"https:\/\/arbeitnehmer-forum.de\/wissen\/?letter=F&#038;lex_page=1\"\n\t\t\t\t\t\tdata-letter=\"F\"\n\t\t\t\t\t>F<\/a>\n\t\t\t\t\t\t\t\t\t\t\t\t\t\t\t\t<a\n\t\t\t\t\t\tclass=\"lexikon-letter-link\"\n\t\t\t\t\t\thref=\"https:\/\/arbeitnehmer-forum.de\/wissen\/?letter=G&#038;lex_page=1\"\n\t\t\t\t\t\tdata-letter=\"G\"\n\t\t\t\t\t>G<\/a>\n\t\t\t\t\t\t\t\t\t\t\t\t\t\t\t\t<a\n\t\t\t\t\t\tclass=\"lexikon-letter-link\"\n\t\t\t\t\t\thref=\"https:\/\/arbeitnehmer-forum.de\/wissen\/?letter=H&#038;lex_page=1\"\n\t\t\t\t\t\tdata-letter=\"H\"\n\t\t\t\t\t>H<\/a>\n\t\t\t\t\t\t\t\t\t\t\t\t\t\t\t\t<a\n\t\t\t\t\t\tclass=\"lexikon-letter-link\"\n\t\t\t\t\t\thref=\"https:\/\/arbeitnehmer-forum.de\/wissen\/?letter=I&#038;lex_page=1\"\n\t\t\t\t\t\tdata-letter=\"I\"\n\t\t\t\t\t>I<\/a>\n\t\t\t\t\t\t\t\t\t\t\t\t\t\t\t\t<a\n\t\t\t\t\t\tclass=\"lexikon-letter-link\"\n\t\t\t\t\t\thref=\"https:\/\/arbeitnehmer-forum.de\/wissen\/?letter=J&#038;lex_page=1\"\n\t\t\t\t\t\tdata-letter=\"J\"\n\t\t\t\t\t>J<\/a>\n\t\t\t\t\t\t\t\t\t\t\t\t\t\t\t\t<a\n\t\t\t\t\t\tclass=\"lexikon-letter-link\"\n\t\t\t\t\t\thref=\"https:\/\/arbeitnehmer-forum.de\/wissen\/?letter=K&#038;lex_page=1\"\n\t\t\t\t\t\tdata-letter=\"K\"\n\t\t\t\t\t>K<\/a>\n\t\t\t\t\t\t\t\t\t\t\t\t\t\t\t\t<a\n\t\t\t\t\t\tclass=\"lexikon-letter-link\"\n\t\t\t\t\t\thref=\"https:\/\/arbeitnehmer-forum.de\/wissen\/?letter=L&#038;lex_page=1\"\n\t\t\t\t\t\tdata-letter=\"L\"\n\t\t\t\t\t>L<\/a>\n\t\t\t\t\t\t\t\t\t\t\t\t\t\t\t\t<a\n\t\t\t\t\t\tclass=\"lexikon-letter-link\"\n\t\t\t\t\t\thref=\"https:\/\/arbeitnehmer-forum.de\/wissen\/?letter=M&#038;lex_page=1\"\n\t\t\t\t\t\tdata-letter=\"M\"\n\t\t\t\t\t>M<\/a>\n\t\t\t\t\t\t\t\t\t\t\t\t\t\t\t\t<a\n\t\t\t\t\t\tclass=\"lexikon-letter-link\"\n\t\t\t\t\t\thref=\"https:\/\/arbeitnehmer-forum.de\/wissen\/?letter=N&#038;lex_page=1\"\n\t\t\t\t\t\tdata-letter=\"N\"\n\t\t\t\t\t>N<\/a>\n\t\t\t\t\t\t\t\t\t\t\t\t\t\t\t\t<a\n\t\t\t\t\t\tclass=\"lexikon-letter-link\"\n\t\t\t\t\t\thref=\"https:\/\/arbeitnehmer-forum.de\/wissen\/?letter=O&#038;lex_page=1\"\n\t\t\t\t\t\tdata-letter=\"O\"\n\t\t\t\t\t>O<\/a>\n\t\t\t\t\t\t\t\t\t\t\t\t\t\t\t\t<a\n\t\t\t\t\t\tclass=\"lexikon-letter-link\"\n\t\t\t\t\t\thref=\"https:\/\/arbeitnehmer-forum.de\/wissen\/?letter=P&#038;lex_page=1\"\n\t\t\t\t\t\tdata-letter=\"P\"\n\t\t\t\t\t>P<\/a>\n\t\t\t\t\t\t\t\t\t\t\t\t\t\t\t\t<a\n\t\t\t\t\t\tclass=\"lexikon-letter-link\"\n\t\t\t\t\t\thref=\"https:\/\/arbeitnehmer-forum.de\/wissen\/?letter=Q&#038;lex_page=1\"\n\t\t\t\t\t\tdata-letter=\"Q\"\n\t\t\t\t\t>Q<\/a>\n\t\t\t\t\t\t\t\t\t\t\t\t\t\t\t\t<a\n\t\t\t\t\t\tclass=\"lexikon-letter-link\"\n\t\t\t\t\t\thref=\"https:\/\/arbeitnehmer-forum.de\/wissen\/?letter=R&#038;lex_page=1\"\n\t\t\t\t\t\tdata-letter=\"R\"\n\t\t\t\t\t>R<\/a>\n\t\t\t\t\t\t\t\t\t\t\t\t\t\t\t\t<a\n\t\t\t\t\t\tclass=\"lexikon-letter-link\"\n\t\t\t\t\t\thref=\"https:\/\/arbeitnehmer-forum.de\/wissen\/?letter=S&#038;lex_page=1\"\n\t\t\t\t\t\tdata-letter=\"S\"\n\t\t\t\t\t>S<\/a>\n\t\t\t\t\t\t\t\t\t\t\t\t\t\t\t\t<a\n\t\t\t\t\t\tclass=\"lexikon-letter-link\"\n\t\t\t\t\t\thref=\"https:\/\/arbeitnehmer-forum.de\/wissen\/?letter=T&#038;lex_page=1\"\n\t\t\t\t\t\tdata-letter=\"T\"\n\t\t\t\t\t>T<\/a>\n\t\t\t\t\t\t\t\t\t\t\t\t\t\t\t\t<a\n\t\t\t\t\t\tclass=\"lexikon-letter-link\"\n\t\t\t\t\t\thref=\"https:\/\/arbeitnehmer-forum.de\/wissen\/?letter=U&#038;lex_page=1\"\n\t\t\t\t\t\tdata-letter=\"U\"\n\t\t\t\t\t>U<\/a>\n\t\t\t\t\t\t\t\t\t\t\t\t\t\t\t\t<a\n\t\t\t\t\t\tclass=\"lexikon-letter-link\"\n\t\t\t\t\t\thref=\"https:\/\/arbeitnehmer-forum.de\/wissen\/?letter=V&#038;lex_page=1\"\n\t\t\t\t\t\tdata-letter=\"V\"\n\t\t\t\t\t>V<\/a>\n\t\t\t\t\t\t\t\t\t\t\t\t\t\t\t\t<a\n\t\t\t\t\t\tclass=\"lexikon-letter-link\"\n\t\t\t\t\t\thref=\"https:\/\/arbeitnehmer-forum.de\/wissen\/?letter=W&#038;lex_page=1\"\n\t\t\t\t\t\tdata-letter=\"W\"\n\t\t\t\t\t>W<\/a>\n\t\t\t\t\t\t\t\t\t\t\t\t\t\t\t\t<a\n\t\t\t\t\t\tclass=\"lexikon-letter-link\"\n\t\t\t\t\t\thref=\"https:\/\/arbeitnehmer-forum.de\/wissen\/?letter=X&#038;lex_page=1\"\n\t\t\t\t\t\tdata-letter=\"X\"\n\t\t\t\t\t>X<\/a>\n\t\t\t\t\t\t\t\t\t\t\t\t\t\t\t\t<a\n\t\t\t\t\t\tclass=\"lexikon-letter-link\"\n\t\t\t\t\t\thref=\"https:\/\/arbeitnehmer-forum.de\/wissen\/?letter=Y&#038;lex_page=1\"\n\t\t\t\t\t\tdata-letter=\"Y\"\n\t\t\t\t\t>Y<\/a>\n\t\t\t\t\t\t\t\t\t\t\t\t\t\t\t\t<a\n\t\t\t\t\t\tclass=\"lexikon-letter-link\"\n\t\t\t\t\t\thref=\"https:\/\/arbeitnehmer-forum.de\/wissen\/?letter=Z&#038;lex_page=1\"\n\t\t\t\t\t\tdata-letter=\"Z\"\n\t\t\t\t\t>Z<\/a>\n\t\t\t\t\t\t\t\t\t\t\t\t\t\t\t\t<a\n\t\t\t\t\t\tclass=\"lexikon-letter-link\"\n\t\t\t\t\t\thref=\"https:\/\/arbeitnehmer-forum.de\/wissen\/?letter=\u00c4&#038;lex_page=1\"\n\t\t\t\t\t\tdata-letter=\"\u00c4\"\n\t\t\t\t\t>\u00c4<\/a>\n\t\t\t\t\t\t\t\t\t\t\t\t\t\t\t\t<a\n\t\t\t\t\t\tclass=\"lexikon-letter-link\"\n\t\t\t\t\t\thref=\"https:\/\/arbeitnehmer-forum.de\/wissen\/?letter=\u00d6&#038;lex_page=1\"\n\t\t\t\t\t\tdata-letter=\"\u00d6\"\n\t\t\t\t\t>\u00d6<\/a>\n\t\t\t\t\t\t\t\t\t\t\t\t\t\t\t\t<a\n\t\t\t\t\t\tclass=\"lexikon-letter-link\"\n\t\t\t\t\t\thref=\"https:\/\/arbeitnehmer-forum.de\/wissen\/?letter=\u00dc&#038;lex_page=1\"\n\t\t\t\t\t\tdata-letter=\"\u00dc\"\n\t\t\t\t\t>\u00dc<\/a>\n\t\t\t\t\t\t\t\t\t\t\t\t\t\t\t\t<span class=\"lexikon-letter-link is-disabled\">0<\/span>\n\t\t\t\t\t\t\t\t\t\t\t\t\t\t\t\t<span class=\"lexikon-letter-link is-disabled\">1<\/span>\n\t\t\t\t\t\t\t\t\t\t\t\t\t\t\t\t<span class=\"lexikon-letter-link is-disabled\">2<\/span>\n\t\t\t\t\t\t\t\t\t\t\t\t\t\t\t\t<span class=\"lexikon-letter-link is-disabled\">3<\/span>\n\t\t\t\t\t\t\t\t\t\t\t\t\t\t\t\t<span class=\"lexikon-letter-link is-disabled\">4<\/span>\n\t\t\t\t\t\t\t\t\t\t\t\t\t\t\t\t<span class=\"lexikon-letter-link is-disabled\">5<\/span>\n\t\t\t\t\t\t\t\t\t\t\t\t\t\t\t\t<span class=\"lexikon-letter-link is-disabled\">6<\/span>\n\t\t\t\t\t\t\t\t\t\t\t\t\t\t\t\t<span class=\"lexikon-letter-link is-disabled\">7<\/span>\n\t\t\t\t\t\t\t\t\t\t\t\t\t\t\t\t<span class=\"lexikon-letter-link is-disabled\">8<\/span>\n\t\t\t\t\t\t\t\t\t\t\t\t\t\t\t\t<span class=\"lexikon-letter-link is-disabled\">9<\/span>\n\t\t\t\t\t\t\t\t\t<\/div>\n\n\t\t<div class=\"lexikon-section-heading\">\n\t\t\t<h2 class=\"lexikon-current-letter\">A<\/h2>\n        <\/div>\n\n\t\t\t\t\t<div class=\"lexikon-grid\" data-current-letter=\"A\" data-current-page=\"1\">\n\t\t\t\t\t\t\t\t\t<article class=\"lexikon-card\">\n\t\t\t\t\t\t<a class=\"lexikon-card-heart\" href=\"#\" aria-label=\"Favorit hinzuf\u00fcgen\">\n\t\t\t\t\t\t\t<svg width=\"21\" height=\"18\" viewBox=\"0 0 21 18\" fill=\"none\" xmlns=\"http:\/\/www.w3.org\/2000\/svg\">\n\t\t\t\t\t\t\t\t<path fill-rule=\"evenodd\" clip-rule=\"evenodd\" d=\"M2.15537 2.21538C3.05551 1.31552 4.27619 0.810008 5.54897 0.810008C6.82176 0.810008 8.04244 1.31552 8.94257 2.21538L10.349 3.62058L11.7554 2.21538C12.1982 1.75693 12.7278 1.39126 13.3134 1.1397C13.899 0.888133 14.5289 0.75572 15.1662 0.750181C15.8036 0.744643 16.4356 0.866091 17.0256 1.10744C17.6155 1.34879 18.1514 1.7052 18.6021 2.15589C19.0528 2.60657 19.4092 3.1425 19.6505 3.7324C19.8919 4.32231 20.0133 4.95437 20.0078 5.59171C20.0022 6.22905 19.8698 6.85891 19.6183 7.44452C19.3667 8.03014 19.001 8.5598 18.5426 9.00258L10.349 17.1974L2.15537 9.00258C1.25551 8.10245 0.75 6.88177 0.75 5.60898C0.75 4.3362 1.25551 3.11552 2.15537 2.21538V2.21538Z\" stroke=\"#A4A7AE\" stroke-width=\"1.5\" stroke-linejoin=\"round\"\/>\n\t\t\t\t\t\t\t<\/svg>\n\t\t\t\t\t\t<\/a>\n\t\t\t\t\t\t<h3 class=\"lexikon-card-title\">Abberufung<\/h3>\n\t\t\t\t\t\t<p class=\"lexikon-card-subtitle\">\n\t\t\t\t\t\t\tIn K\u00fcrze Abberufung bezeichnet die formale Entziehung einer zuvor \u00fcbertragenen Organ- oder Funktionsstellung. Sie betrifft ausschlie\u00dflich die organschaftliche oder funktionale Position, nicht das zugrunde liegende Vertragsverh\u00e4ltnis. Definition Abberufung ist ein arbeitsrechtlicher Begriff. Er...\t\t\t\t\t\t<\/p>\n\t\t\t\t\t\t<a class=\"lexikon-card-link\" href=\"https:\/\/arbeitnehmer-forum.de\/wissen\/wissensdatenbank\/glossar\/abberufung\/\">\n\t\t\t\t\t\t\t<span>Mehr anzeigen<\/span>\n\t\t\t\t\t\t\t<span class=\"lexikon-card-link-arrow\">\n\t\t\t\t\t\t\t\t<svg width=\"24\" height=\"24\" viewBox=\"0 0 24 24\" fill=\"none\" xmlns=\"http:\/\/www.w3.org\/2000\/svg\">\n\t\t\t\t\t\t\t\t\t<path d=\"M12.8333 7.625L17 12M17 12L12.8333 16.375M17 12L7 12\" stroke=\"#1643D5\" stroke-width=\"1.5\" stroke-linecap=\"round\" stroke-linejoin=\"round\"\/>\n\t\t\t\t\t\t\t\t<\/svg>\n\t\t\t\t\t\t\t<\/span>\n\t\t\t\t\t\t<\/a>\n\t\t\t\t\t<\/article>\n\t\t\t\t\t\t\t\t\t<article class=\"lexikon-card\">\n\t\t\t\t\t\t<a class=\"lexikon-card-heart\" href=\"#\" aria-label=\"Favorit hinzuf\u00fcgen\">\n\t\t\t\t\t\t\t<svg width=\"21\" height=\"18\" viewBox=\"0 0 21 18\" fill=\"none\" xmlns=\"http:\/\/www.w3.org\/2000\/svg\">\n\t\t\t\t\t\t\t\t<path fill-rule=\"evenodd\" clip-rule=\"evenodd\" d=\"M2.15537 2.21538C3.05551 1.31552 4.27619 0.810008 5.54897 0.810008C6.82176 0.810008 8.04244 1.31552 8.94257 2.21538L10.349 3.62058L11.7554 2.21538C12.1982 1.75693 12.7278 1.39126 13.3134 1.1397C13.899 0.888133 14.5289 0.75572 15.1662 0.750181C15.8036 0.744643 16.4356 0.866091 17.0256 1.10744C17.6155 1.34879 18.1514 1.7052 18.6021 2.15589C19.0528 2.60657 19.4092 3.1425 19.6505 3.7324C19.8919 4.32231 20.0133 4.95437 20.0078 5.59171C20.0022 6.22905 19.8698 6.85891 19.6183 7.44452C19.3667 8.03014 19.001 8.5598 18.5426 9.00258L10.349 17.1974L2.15537 9.00258C1.25551 8.10245 0.75 6.88177 0.75 5.60898C0.75 4.3362 1.25551 3.11552 2.15537 2.21538V2.21538Z\" stroke=\"#A4A7AE\" stroke-width=\"1.5\" stroke-linejoin=\"round\"\/>\n\t\t\t\t\t\t\t<\/svg>\n\t\t\t\t\t\t<\/a>\n\t\t\t\t\t\t<h3 class=\"lexikon-card-title\">ABC-Analyse<\/h3>\n\t\t\t\t\t\t<p class=\"lexikon-card-subtitle\">\n\t\t\t\t\t\t\tIn K\u00fcrze Die ABC-Analyse strukturiert Objekte nach ihrem quantitativen Bedeutungsanteil. Sie dient der Priorisierung betrieblicher Ressourcen anhand weniger, klar definierter Klassen. Definition ABC-Analyse ist ein betriebswirtschaftliches Instrument. Sie dient der quantitativen Klassifikation...\t\t\t\t\t\t<\/p>\n\t\t\t\t\t\t<a class=\"lexikon-card-link\" href=\"https:\/\/arbeitnehmer-forum.de\/wissen\/wissensdatenbank\/glossar\/abc-analyse\/\">\n\t\t\t\t\t\t\t<span>Mehr anzeigen<\/span>\n\t\t\t\t\t\t\t<span class=\"lexikon-card-link-arrow\">\n\t\t\t\t\t\t\t\t<svg width=\"24\" height=\"24\" viewBox=\"0 0 24 24\" fill=\"none\" xmlns=\"http:\/\/www.w3.org\/2000\/svg\">\n\t\t\t\t\t\t\t\t\t<path d=\"M12.8333 7.625L17 12M17 12L12.8333 16.375M17 12L7 12\" stroke=\"#1643D5\" stroke-width=\"1.5\" stroke-linecap=\"round\" stroke-linejoin=\"round\"\/>\n\t\t\t\t\t\t\t\t<\/svg>\n\t\t\t\t\t\t\t<\/span>\n\t\t\t\t\t\t<\/a>\n\t\t\t\t\t<\/article>\n\t\t\t\t\t\t\t\t\t<article class=\"lexikon-card\">\n\t\t\t\t\t\t<a class=\"lexikon-card-heart\" href=\"#\" aria-label=\"Favorit hinzuf\u00fcgen\">\n\t\t\t\t\t\t\t<svg width=\"21\" height=\"18\" viewBox=\"0 0 21 18\" fill=\"none\" xmlns=\"http:\/\/www.w3.org\/2000\/svg\">\n\t\t\t\t\t\t\t\t<path fill-rule=\"evenodd\" clip-rule=\"evenodd\" d=\"M2.15537 2.21538C3.05551 1.31552 4.27619 0.810008 5.54897 0.810008C6.82176 0.810008 8.04244 1.31552 8.94257 2.21538L10.349 3.62058L11.7554 2.21538C12.1982 1.75693 12.7278 1.39126 13.3134 1.1397C13.899 0.888133 14.5289 0.75572 15.1662 0.750181C15.8036 0.744643 16.4356 0.866091 17.0256 1.10744C17.6155 1.34879 18.1514 1.7052 18.6021 2.15589C19.0528 2.60657 19.4092 3.1425 19.6505 3.7324C19.8919 4.32231 20.0133 4.95437 20.0078 5.59171C20.0022 6.22905 19.8698 6.85891 19.6183 7.44452C19.3667 8.03014 19.001 8.5598 18.5426 9.00258L10.349 17.1974L2.15537 9.00258C1.25551 8.10245 0.75 6.88177 0.75 5.60898C0.75 4.3362 1.25551 3.11552 2.15537 2.21538V2.21538Z\" stroke=\"#A4A7AE\" stroke-width=\"1.5\" stroke-linejoin=\"round\"\/>\n\t\t\t\t\t\t\t<\/svg>\n\t\t\t\t\t\t<\/a>\n\t\t\t\t\t\t<h3 class=\"lexikon-card-title\">Abfindung<\/h3>\n\t\t\t\t\t\t<p class=\"lexikon-card-subtitle\">\n\t\t\t\t\t\t\tIn K\u00fcrze Abfindung bezeichnet eine einmalige Geldzahlung des Arbeitgebers im Zusammenhang mit der Beendigung eines Arbeitsverh\u00e4ltnisses. Sie dient dem Ausgleich wirtschaftlicher Nachteile infolge des Arbeitsplatzverlustes. Definition Abfindung ist ein arbeitsrechtlicher Begriff. Abfindung...\t\t\t\t\t\t<\/p>\n\t\t\t\t\t\t<a class=\"lexikon-card-link\" href=\"https:\/\/arbeitnehmer-forum.de\/wissen\/wissensdatenbank\/glossar\/abfindung\/\">\n\t\t\t\t\t\t\t<span>Mehr anzeigen<\/span>\n\t\t\t\t\t\t\t<span class=\"lexikon-card-link-arrow\">\n\t\t\t\t\t\t\t\t<svg width=\"24\" height=\"24\" viewBox=\"0 0 24 24\" fill=\"none\" xmlns=\"http:\/\/www.w3.org\/2000\/svg\">\n\t\t\t\t\t\t\t\t\t<path d=\"M12.8333 7.625L17 12M17 12L12.8333 16.375M17 12L7 12\" stroke=\"#1643D5\" stroke-width=\"1.5\" stroke-linecap=\"round\" stroke-linejoin=\"round\"\/>\n\t\t\t\t\t\t\t\t<\/svg>\n\t\t\t\t\t\t\t<\/span>\n\t\t\t\t\t\t<\/a>\n\t\t\t\t\t<\/article>\n\t\t\t\t\t\t\t\t\t<article class=\"lexikon-card\">\n\t\t\t\t\t\t<a class=\"lexikon-card-heart\" href=\"#\" aria-label=\"Favorit hinzuf\u00fcgen\">\n\t\t\t\t\t\t\t<svg width=\"21\" height=\"18\" viewBox=\"0 0 21 18\" fill=\"none\" xmlns=\"http:\/\/www.w3.org\/2000\/svg\">\n\t\t\t\t\t\t\t\t<path fill-rule=\"evenodd\" clip-rule=\"evenodd\" d=\"M2.15537 2.21538C3.05551 1.31552 4.27619 0.810008 5.54897 0.810008C6.82176 0.810008 8.04244 1.31552 8.94257 2.21538L10.349 3.62058L11.7554 2.21538C12.1982 1.75693 12.7278 1.39126 13.3134 1.1397C13.899 0.888133 14.5289 0.75572 15.1662 0.750181C15.8036 0.744643 16.4356 0.866091 17.0256 1.10744C17.6155 1.34879 18.1514 1.7052 18.6021 2.15589C19.0528 2.60657 19.4092 3.1425 19.6505 3.7324C19.8919 4.32231 20.0133 4.95437 20.0078 5.59171C20.0022 6.22905 19.8698 6.85891 19.6183 7.44452C19.3667 8.03014 19.001 8.5598 18.5426 9.00258L10.349 17.1974L2.15537 9.00258C1.25551 8.10245 0.75 6.88177 0.75 5.60898C0.75 4.3362 1.25551 3.11552 2.15537 2.21538V2.21538Z\" stroke=\"#A4A7AE\" stroke-width=\"1.5\" stroke-linejoin=\"round\"\/>\n\t\t\t\t\t\t\t<\/svg>\n\t\t\t\t\t\t<\/a>\n\t\t\t\t\t\t<h3 class=\"lexikon-card-title\">Abfindungsanspruch<\/h3>\n\t\t\t\t\t\t<p class=\"lexikon-card-subtitle\">\n\t\t\t\t\t\t\tIn K\u00fcrze Der Abfindungsanspruch ist das Recht eines Arbeitnehmers auf eine finanzielle Entsch\u00e4digung bei Beendigung des Arbeitsverh\u00e4ltnisses. Er dient der Milderung wirtschaftlicher Nachteile und erleichtert den \u00dcbergang in eine neue Besch\u00e4ftigung. Definition Der Abfindungsanspruch ist ein...\t\t\t\t\t\t<\/p>\n\t\t\t\t\t\t<a class=\"lexikon-card-link\" href=\"https:\/\/arbeitnehmer-forum.de\/wissen\/wissensdatenbank\/glossar\/abfindungsanspruch\/\">\n\t\t\t\t\t\t\t<span>Mehr anzeigen<\/span>\n\t\t\t\t\t\t\t<span class=\"lexikon-card-link-arrow\">\n\t\t\t\t\t\t\t\t<svg width=\"24\" height=\"24\" viewBox=\"0 0 24 24\" fill=\"none\" xmlns=\"http:\/\/www.w3.org\/2000\/svg\">\n\t\t\t\t\t\t\t\t\t<path d=\"M12.8333 7.625L17 12M17 12L12.8333 16.375M17 12L7 12\" stroke=\"#1643D5\" stroke-width=\"1.5\" stroke-linecap=\"round\" stroke-linejoin=\"round\"\/>\n\t\t\t\t\t\t\t\t<\/svg>\n\t\t\t\t\t\t\t<\/span>\n\t\t\t\t\t\t<\/a>\n\t\t\t\t\t<\/article>\n\t\t\t\t\t\t\t\t\t<article class=\"lexikon-card\">\n\t\t\t\t\t\t<a class=\"lexikon-card-heart\" href=\"#\" aria-label=\"Favorit hinzuf\u00fcgen\">\n\t\t\t\t\t\t\t<svg width=\"21\" height=\"18\" viewBox=\"0 0 21 18\" fill=\"none\" xmlns=\"http:\/\/www.w3.org\/2000\/svg\">\n\t\t\t\t\t\t\t\t<path fill-rule=\"evenodd\" clip-rule=\"evenodd\" d=\"M2.15537 2.21538C3.05551 1.31552 4.27619 0.810008 5.54897 0.810008C6.82176 0.810008 8.04244 1.31552 8.94257 2.21538L10.349 3.62058L11.7554 2.21538C12.1982 1.75693 12.7278 1.39126 13.3134 1.1397C13.899 0.888133 14.5289 0.75572 15.1662 0.750181C15.8036 0.744643 16.4356 0.866091 17.0256 1.10744C17.6155 1.34879 18.1514 1.7052 18.6021 2.15589C19.0528 2.60657 19.4092 3.1425 19.6505 3.7324C19.8919 4.32231 20.0133 4.95437 20.0078 5.59171C20.0022 6.22905 19.8698 6.85891 19.6183 7.44452C19.3667 8.03014 19.001 8.5598 18.5426 9.00258L10.349 17.1974L2.15537 9.00258C1.25551 8.10245 0.75 6.88177 0.75 5.60898C0.75 4.3362 1.25551 3.11552 2.15537 2.21538V2.21538Z\" stroke=\"#A4A7AE\" stroke-width=\"1.5\" stroke-linejoin=\"round\"\/>\n\t\t\t\t\t\t\t<\/svg>\n\t\t\t\t\t\t<\/a>\n\t\t\t\t\t\t<h3 class=\"lexikon-card-title\">Abgaben<\/h3>\n\t\t\t\t\t\t<p class=\"lexikon-card-subtitle\">\n\t\t\t\t\t\t\tIn K\u00fcrze Abgaben sind Geldleistungen, die an \u00f6ffentlich-rechtliche K\u00f6rperschaften zu entrichten sind. Sie umfassen Steuern und sonstige Pflichtzahlungen ohne unmittelbare Gegenleistung. Definition Abgaben sind ein arbeitsrechtliches Instrument, das die Verpflichtung zur Zahlung von...\t\t\t\t\t\t<\/p>\n\t\t\t\t\t\t<a class=\"lexikon-card-link\" href=\"https:\/\/arbeitnehmer-forum.de\/wissen\/wissensdatenbank\/glossar\/abgaben\/\">\n\t\t\t\t\t\t\t<span>Mehr anzeigen<\/span>\n\t\t\t\t\t\t\t<span class=\"lexikon-card-link-arrow\">\n\t\t\t\t\t\t\t\t<svg width=\"24\" height=\"24\" viewBox=\"0 0 24 24\" fill=\"none\" xmlns=\"http:\/\/www.w3.org\/2000\/svg\">\n\t\t\t\t\t\t\t\t\t<path d=\"M12.8333 7.625L17 12M17 12L12.8333 16.375M17 12L7 12\" stroke=\"#1643D5\" stroke-width=\"1.5\" stroke-linecap=\"round\" stroke-linejoin=\"round\"\/>\n\t\t\t\t\t\t\t\t<\/svg>\n\t\t\t\t\t\t\t<\/span>\n\t\t\t\t\t\t<\/a>\n\t\t\t\t\t<\/article>\n\t\t\t\t\t\t\t\t\t<article class=\"lexikon-card\">\n\t\t\t\t\t\t<a class=\"lexikon-card-heart\" href=\"#\" aria-label=\"Favorit hinzuf\u00fcgen\">\n\t\t\t\t\t\t\t<svg width=\"21\" height=\"18\" viewBox=\"0 0 21 18\" fill=\"none\" xmlns=\"http:\/\/www.w3.org\/2000\/svg\">\n\t\t\t\t\t\t\t\t<path fill-rule=\"evenodd\" clip-rule=\"evenodd\" d=\"M2.15537 2.21538C3.05551 1.31552 4.27619 0.810008 5.54897 0.810008C6.82176 0.810008 8.04244 1.31552 8.94257 2.21538L10.349 3.62058L11.7554 2.21538C12.1982 1.75693 12.7278 1.39126 13.3134 1.1397C13.899 0.888133 14.5289 0.75572 15.1662 0.750181C15.8036 0.744643 16.4356 0.866091 17.0256 1.10744C17.6155 1.34879 18.1514 1.7052 18.6021 2.15589C19.0528 2.60657 19.4092 3.1425 19.6505 3.7324C19.8919 4.32231 20.0133 4.95437 20.0078 5.59171C20.0022 6.22905 19.8698 6.85891 19.6183 7.44452C19.3667 8.03014 19.001 8.5598 18.5426 9.00258L10.349 17.1974L2.15537 9.00258C1.25551 8.10245 0.75 6.88177 0.75 5.60898C0.75 4.3362 1.25551 3.11552 2.15537 2.21538V2.21538Z\" stroke=\"#A4A7AE\" stroke-width=\"1.5\" stroke-linejoin=\"round\"\/>\n\t\t\t\t\t\t\t<\/svg>\n\t\t\t\t\t\t<\/a>\n\t\t\t\t\t\t<h3 class=\"lexikon-card-title\">Abgabenordnung<\/h3>\n\t\t\t\t\t\t<p class=\"lexikon-card-subtitle\">\n\t\t\t\t\t\t\tIn K\u00fcrze Die Abgabenordnung bildet die verfahrensrechtliche Grundlage des deutschen Steuerrechts. Sie strukturiert die Erhebung und Durchsetzung von Steuern einheitlich. Definition Die Abgabenordnung ist ein steuerrechtlicher Begriff. Die Abgabenordnung bezeichnet das grundlegende Gesetz zur...\t\t\t\t\t\t<\/p>\n\t\t\t\t\t\t<a class=\"lexikon-card-link\" href=\"https:\/\/arbeitnehmer-forum.de\/wissen\/wissensdatenbank\/glossar\/abgabenordnung\/\">\n\t\t\t\t\t\t\t<span>Mehr anzeigen<\/span>\n\t\t\t\t\t\t\t<span class=\"lexikon-card-link-arrow\">\n\t\t\t\t\t\t\t\t<svg width=\"24\" height=\"24\" viewBox=\"0 0 24 24\" fill=\"none\" xmlns=\"http:\/\/www.w3.org\/2000\/svg\">\n\t\t\t\t\t\t\t\t\t<path d=\"M12.8333 7.625L17 12M17 12L12.8333 16.375M17 12L7 12\" stroke=\"#1643D5\" stroke-width=\"1.5\" stroke-linecap=\"round\" stroke-linejoin=\"round\"\/>\n\t\t\t\t\t\t\t\t<\/svg>\n\t\t\t\t\t\t\t<\/span>\n\t\t\t\t\t\t<\/a>\n\t\t\t\t\t<\/article>\n\t\t\t\t    <\/div>\n\n\t\t\t\t\t\t\t\t\t\t\t<div class=\"lexikon-load-more-wrap bde-button\">\n\t\t\t\t\t<a\n\t\t\t\t\t\tclass=\"lexikon-load-more button-atom button-atom--secondary bde-button__button\"\n\t\t\t\t\t\thref=\"https:\/\/arbeitnehmer-forum.de\/wissen\/?letter=A&#038;lex_page=2\"\n\t\t\t\t\t\tdata-next-page=\"2\"\n\t\t\t\t\t\tdata-letter=\"A\"\n\t\t\t\t\t>Mehr laden<\/a>\n\t\t\t\t<\/div>\n\t\t\t\t\t\t<\/div>\n\t<\/div><div class=\"bde-code-block-10933-196 bde-code-block\">\n\n\n\n<\/div><\/div>\n<\/section><\/div>","protected":false},"excerpt":{"rendered":"","protected":false},"author":1,"featured_media":0,"parent":10929,"menu_order":0,"comment_status":"closed","ping_status":"closed","template":"","meta":{"_breakdance_hide_in_design_set":false,"_breakdance_tags":"","footnotes":""},"class_list":["post-10933","page","type-page","status-publish","hentry"],"_links":{"self":[{"href":"https:\/\/arbeitnehmer-forum.de\/wissen\/wp-json\/wp\/v2\/pages\/10933","targetHints":{"allow":["GET"]}}],"collection":[{"href":"https:\/\/arbeitnehmer-forum.de\/wissen\/wp-json\/wp\/v2\/pages"}],"about":[{"href":"https:\/\/arbeitnehmer-forum.de\/wissen\/wp-json\/wp\/v2\/types\/page"}],"author":[{"embeddable":true,"href":"https:\/\/arbeitnehmer-forum.de\/wissen\/wp-json\/wp\/v2\/users\/1"}],"replies":[{"embeddable":true,"href":"https:\/\/arbeitnehmer-forum.de\/wissen\/wp-json\/wp\/v2\/comments?post=10933"}],"version-history":[{"count":32,"href":"https:\/\/arbeitnehmer-forum.de\/wissen\/wp-json\/wp\/v2\/pages\/10933\/revisions"}],"predecessor-version":[{"id":11463,"href":"https:\/\/arbeitnehmer-forum.de\/wissen\/wp-json\/wp\/v2\/pages\/10933\/revisions\/11463"}],"up":[{"embeddable":true,"href":"https:\/\/arbeitnehmer-forum.de\/wissen\/wp-json\/wp\/v2\/pages\/10929"}],"wp:attachment":[{"href":"https:\/\/arbeitnehmer-forum.de\/wissen\/wp-json\/wp\/v2\/media?parent=10933"}],"curies":[{"name":"wp","href":"https:\/\/api.w.org\/{rel}","templated":true}]}}